{"id":1588,"date":"2016-04-01T16:58:08","date_gmt":"2016-04-01T16:58:08","guid":{"rendered":"https:\/\/www.aloo.com.br\/a-aloo-por-quem-conhece\/?lang=en"},"modified":"2021-09-27T18:07:13","modified_gmt":"2021-09-27T21:07:13","slug":"a-aloo-por-quem-conhece","status":"publish","type":"page","link":"https:\/\/www.aloo.com.br\/en\/a-aloo-por-quem-conhece\/","title":{"rendered":"ALOO by those who know"},"content":{"rendered":"<p>\u201cF\u00e1bio Kazuo &#8211; Best Western Premier Macei\u00f3\u201d<\/p>\n<p>&quot;Queria fazer um reconhecimento pelo excelente servi\u00e7o prestado aqui ao hotel no que diz respeito a internet de link dedicado oferecido pela Aloo Telecom. J\u00e1 conhecia esta empresa h\u00e1 pelo menos 4 anos, onde sempre estiveram presentes em todos os processos de concorr\u00eancia que t\u00ednhamos aqui para o hotel, por\u00e9m muitas vezes por receio de ser uma empresa de menor porte, acab\u00e1vamos fechando com as grandes empresas conhecidas&#8230; Mas h\u00e1 dois anos resolvemos apostar nesta parceria, onde a pr\u00f3pria Aloo se disponibilizou para trabalhar com condi\u00e7\u00f5es muito especiais conosco e lembro bem de uma promessa que Felipe nos fez, falando que n\u00e3o iriamos nos arrepender. Hoje posso confirmar que \u00e9 uma empresa que nos d\u00e1 orgulho de poder falar que trabalhamos. Uma empresa Alagoana, que atende a todas nossas necessidades neste segmento e que v\u00e3o muito al\u00e9m do que as demais grandes conseguem fazer que \u00e9 o atendimento pronto e pr\u00f3ximo com seus clientes. Por este motivo recomendo esta empresa e que possa haver algum tipo de parceria junto a nossa associa\u00e7\u00e3o (ABIH-AL) estendendo um bom acordo para todos nossos associados que muitas vezes acabam encontrando problemas com as poucas op\u00e7\u00f5es de fornecimento deste tipo de servi\u00e7o.\u201d<\/p>\n<p><img loading=\"lazy\" width=\"443\" height=\"332\" src=\"https:\/\/aloo.com.br\/wp-content\/uploads\/2018\/04\/IMG_0488.png\" \/><br \/>\nF\u00e1bio Kazuo &#8211; Best Western Premier Macei\u00f3<br \/>\nGerente Comercial &#8211; Best Western Premier Macei\u00f3<\/p>\n<p>\u201cThomas Monte \u2013 Unimed Macei\u00f3\u201d<br \/>\nN\u00f3s buscamos a Aloo para ter total redund\u00e2ncia. Hoje, todas as minhas unidades trabalham com essa redund\u00e2ncia, tenho canais de fibra \u00f3tica chegando por mais de uma via, desde um consult\u00f3rio m\u00e9dico at\u00e9 o servi\u00e7o do SOS. Vivemos num estado com muitas dificuldades quando o assunto \u00e9 infraestrutura. Tivemos experi\u00eancias no passado com outros fornecedores, mas como todo neg\u00f3cio h\u00e1 uma ladeira acima, ent\u00e3o n\u00f3s fomos evoluindo juntos, levando a nossa ponta, que \u00e9 o prestador de servi\u00e7o da Unimed, mais tecnologia, mais sistema. Ent\u00e3o, fomos ao longo dessa hist\u00f3ria, dessa trajet\u00f3ria toda buscando servi\u00e7os que comportassem essa demanda. Chegamos finalmente na Aloo Telecom e conseguimos atingir os nossos objetivos e \u00e9 uma parceria que vem durando j\u00e1 h\u00e1 alguns anos e com muita tranquilidade.<\/p>\n<p><img loading=\"lazy\" width=\"143\" height=\"86\" src=\"https:\/\/aloo.com.br\/wp-content\/uploads\/2016\/06\/logounimed1.png\" \/><br \/>\nThomas Monte \u2013 Unimed Macei\u00f3<br \/>\n &#8211; <\/p>\n<p>\u201cKl\u00e9ber Ferreira &#8211; Gestor de TI Secretaria de Sa\u00fade de Aracaju\u201d<br \/>\nNos dias de hoje, uma empresa que n\u00e3o tem conex\u00e3o n\u00e3o tem gest\u00e3o, ela n\u00e3o tem ger\u00eancia de seus arquivos, n\u00e3o tem participa\u00e7\u00e3o de mercado, ela n\u00e3o \u00e9 vis\u00edvel nas m\u00eddias. Quando h\u00e1 uma mudan\u00e7a, como foi o caso da Aloo, a gente notou uma melhora na qualidade por estar hoje trafegando por fibra. Digo que houve um ganho n\u00e3o apenas para a \u00e1rea de sa\u00fade, mas para a popula\u00e7\u00e3o que se beneficia de ter um acesso mais r\u00e1pido nas suas requisi\u00e7\u00f5es de exame. O que antes era feito atrav\u00e9s de papel, arquivos guardados, e hoje eu tenho atendimento feito em um sistema digital, com rapidez devido \u00e0 implanta\u00e7\u00e3o da fibra, eu tenho um meio de acesso mais r\u00e1pido do que eu tinha antes. A melhora est\u00e1 na celeridade de atendimento que eu vou ter, um hist\u00f3rico de atendimento desse paciente, por ser esse sistema oferecido de forma digital. <\/p>\n<p>Kl\u00e9ber Ferreira &#8211; Gestor de TI Secretaria de Sa\u00fade de Aracaju<br \/>\nGestor de TI &#8211; Secretaria Municipal de Sa\u00fade de Aracaju<\/p>\n<p>\u201cFrancisco Leonard &#8211; Chesf\u201d<br \/>\nA Internet hoje \u00e9 essencial pra todas as pessoas, que dir\u00e1 para as empresas.Fazer e receber auditorias e enviar informa\u00e7\u00f5es. Isso \u00e9 imprescind\u00edvel para qualquer empresa, principalmente do porte da Chesf. Porque n\u00f3s trabalhamos com o envio e recebimento de informa\u00e7\u00f5es referentes \u00e0s linhas de transmiss\u00e3o. N\u00f3s somos auditados pela ag\u00eancia reguladora Aneel. A presta\u00e7\u00e3o de servi\u00e7os da Aloo hoje \u00e9 importante porque \u00e9 ela quem fornece o enlace, o link de internet. Ent\u00e3o \u00e9 um servi\u00e7o essencial, \u00e9 um servi\u00e7o que a gente costuma dizer que a empresa que prov\u00ea esse tipo de servi\u00e7o n\u00e3o pode aparecer. Quando o provedor come\u00e7a a aparecer significa que tem muitos problemas. A Aloo hoje \u00e9 o link principal da Chesf.<\/p>\n<p><img loading=\"lazy\" width=\"156\" height=\"68\" src=\"https:\/\/aloo.com.br\/wp-content\/uploads\/2016\/06\/logochesfhorizontal148x60flat.png\" \/><br \/>\nFrancisco Leonard &#8211; Chesf<br \/>\nGestor de TI &#8211; Chesf<\/p>\n<p>\u201cHenrique Manet &#8211; SENAI\u201d<br \/>\nNosso DataCenter fica na sede e todas as unidades s\u00e3o conectadas com a sede e as tr\u00eas maiores possuem o link de fibra da Aloo. Estamos com a Aloo a quase um ano e nunca tivemos nenhuma solicita\u00e7\u00e3o de suporte. O servi\u00e7o anterior tinha v\u00e1rios problemas de queda de frequ\u00eancia, de polui\u00e7\u00e3o de espectro e isso causava desconex\u00e3o de algumas unidades, perda de dados. Uma queda dessas pode representar um preju\u00edzo incalcul\u00e1vel. Pode parar vendas, inclusive parar uma aula. \u00c9 um servi\u00e7o que a gente n\u00e3o tem nada a reclamar. Est\u00e1 a mais de um ano conosco e n\u00e3o tivemos nenhuma solicita\u00e7\u00e3o de suporte e nenhuma queda de sinal. Quando precisamos da Aloo para cota\u00e7\u00e3o de um novo servi\u00e7o eles estavam de prontid\u00e3o e nos atenderam muito bem e isso foi mais um diferencial do servi\u00e7o prestado por eles.<\/p>\n<p>Henrique Manet &#8211; SENAI<br \/>\nGestor de TI &#8211; SENAI<\/p>\n<p>\u201cDavi Barros, da FCA &#8211; Fiat Chrysler Automobiles\u201d<br \/>\nA Aloo Telecom, pra gente, foi uma grata surpresa. Precis\u00e1vamos de uma empresa que tivesse a possibilidade de entregar um link de qualidade e conhecemos a Aloo por meio da BT Global services, nossa operadora mundial de telecomunica\u00e7\u00f5es e eles apresentaram uma proposta excelente para n\u00f3s, inclusive se dispondo a entregar o link para que a gente testasse sua qualidade.<\/p>\n<p>Davi Barros Fiat\/Jeep<br \/>\nGestor &#8211; FCA &#8211; Fiat Chrysler Automobiles<\/p>\n<p>1<br \/>\n\t<a href=\"https:\/\/www.aloo.com.br\/wp-admin\/admin-ajax.php?paged=2\">2<\/a><br \/>\n\t<a href=\"https:\/\/www.aloo.com.br\/wp-admin\/admin-ajax.php?paged=2\">&rarr;<\/a><\/p>\n","protected":false},"excerpt":{"rendered":"<p class=\"excerpt\">\u201cF\u00e1bio Kazuo &#8211; Best Western Premier Macei\u00f3\u201d &quot;Queria fazer um reconhecimento pelo excelente servi\u00e7o prestado aqui ao hotel no que diz respeito a internet de link dedicado oferecido pela Aloo Telecom. J\u00e1 conhecia esta empresa h\u00e1 pelo menos 4 anos, onde sempre estiveram presentes em todos os processos de concorr\u00eancia que t\u00ednhamos aqui para o&#8230;<\/p>\n","protected":false},"author":1,"featured_media":139,"parent":0,"menu_order":0,"comment_status":"closed","ping_status":"closed","template":"builder.php","meta":[],"_links":{"self":[{"href":"https:\/\/www.aloo.com.br\/en\/wp-json\/wp\/v2\/pages\/1588"}],"collection":[{"href":"https:\/\/www.aloo.com.br\/en\/wp-json\/wp\/v2\/pages"}],"about":[{"href":"https:\/\/www.aloo.com.br\/en\/wp-json\/wp\/v2\/types\/page"}],"author":[{"embeddable":true,"href":"https:\/\/www.aloo.com.br\/en\/wp-json\/wp\/v2\/users\/1"}],"replies":[{"embeddable":true,"href":"https:\/\/www.aloo.com.br\/en\/wp-json\/wp\/v2\/comments?post=1588"}],"version-history":[{"count":13,"href":"https:\/\/www.aloo.com.br\/en\/wp-json\/wp\/v2\/pages\/1588\/revisions"}],"predecessor-version":[{"id":3730,"href":"https:\/\/www.aloo.com.br\/en\/wp-json\/wp\/v2\/pages\/1588\/revisions\/3730"}],"wp:featuredmedia":[{"embeddable":true,"href":"https:\/\/www.aloo.com.br\/en\/wp-json\/wp\/v2\/media\/139"}],"wp:attachment":[{"href":"https:\/\/www.aloo.com.br\/en\/wp-json\/wp\/v2\/media?parent=1588"}],"curies":[{"name":"wp","href":"https:\/\/api.w.org\/{rel}","templated":true}]}}