{"id":1560,"date":"2015-09-10T17:53:17","date_gmt":"2015-09-10T17:53:17","guid":{"rendered":"https:\/\/www.aloo.com.br\/pagina-inicial\/?lang=en"},"modified":"2021-09-27T18:07:13","modified_gmt":"2021-09-27T21:07:13","slug":"pagina-inicial","status":"publish","type":"page","link":"https:\/\/www.aloo.com.br\/en\/","title":{"rendered":"P\u00e1gina Inicial"},"content":{"rendered":"\n<p>Cases\t\t\t\t\t\t\t\t\t<\/p>\n<p><a href=\"https:\/\/www.aloo.com.br\/cases\/pelo-segundo-ano-consecutivo-aloo-telecom-investe-no-esporte-local-patrocinando-o-campeonato-alagoano-de-futebol\/\"><img loading=\"lazy\" width=\"480\" height=\"340\" src=\"https:\/\/aloo.com.br\/wp-content\/uploads\/2017\/05\/aloo-1-480x340.png\" \/><\/a>\t\t\t\t\t\t\t<\/p>\n<p><a href=\"https:\/\/www.aloo.com.br\/cases\/pelo-segundo-ano-consecutivo-aloo-telecom-investe-no-esporte-local-patrocinando-o-campeonato-alagoano-de-futebol\/\">Pelo terceiro ano consecutivo Aloo Telecom investe no esporte local patrocinando o Campeonato Alagoano de Futebol<\/a><\/p>\n<p><a href=\"https:\/\/www.aloo.com.br\/cases\/fca-fiat-chrysler-automobiles\/\"><img loading=\"lazy\" width=\"480\" height=\"340\" src=\"https:\/\/aloo.com.br\/wp-content\/uploads\/2016\/06\/fca-480x340.jpg\" \/><\/a>\t\t\t\t\t\t\t<\/p>\n<p><a href=\"https:\/\/www.aloo.com.br\/cases\/fca-fiat-chrysler-automobiles\/\">FCA &#8211; Fiat Chrysler Automobiles<\/a><\/p>\n<p><a href=\"https:\/\/www.aloo.com.br\/cases\/unimed-maceio\/\"><img loading=\"lazy\" width=\"480\" height=\"333\" src=\"https:\/\/aloo.com.br\/wp-content\/uploads\/2016\/06\/unimed-480x333.jpg\" \/><\/a>\t\t\t\t\t\t\t<\/p>\n<p><a href=\"https:\/\/www.aloo.com.br\/cases\/unimed-maceio\/\">Unimed Macei\u00f3<\/a><\/p>\n<p>Aloo by those know\t\t\t\t\t\t\t\t\t<\/p>\n<p>\u201cF\u00e1bio Kazuo &#8211; Best Western Premier Macei\u00f3\u201d<\/p>\n<p>&quot;Queria fazer um reconhecimento pelo excelente servi\u00e7o prestado aqui ao hotel no que diz respeito a internet de link dedicado oferecido pela Aloo Telecom. J\u00e1 conhecia esta empresa h\u00e1 pelo menos 4 anos, onde sempre estiveram presentes em todos os processos de concorr\u00eancia que t\u00ednhamos aqui para o hotel, por\u00e9m muitas vezes por receio de ser uma empresa de menor porte, acab\u00e1vamos fechando com as grandes empresas conhecidas&#8230; Mas h\u00e1 dois anos resolvemos apostar nesta parceria, onde a pr\u00f3pria Aloo se disponibilizou para trabalhar com condi\u00e7\u00f5es muito especiais conosco e lembro bem de uma promessa que Felipe nos fez, falando que n\u00e3o iriamos nos arrepender. Hoje posso confirmar que \u00e9 uma empresa que nos d\u00e1 orgulho de poder falar que trabalhamos. Uma empresa Alagoana, que atende a todas nossas necessidades neste segmento e que v\u00e3o muito al\u00e9m do que as demais grandes conseguem fazer que \u00e9 o atendimento pronto e pr\u00f3ximo com seus clientes. Por este motivo recomendo esta empresa e que possa haver algum tipo de parceria junto a nossa associa\u00e7\u00e3o (ABIH-AL) estendendo um bom acordo para todos nossos associados que muitas vezes acabam encontrando problemas com as poucas op\u00e7\u00f5es de fornecimento deste tipo de servi\u00e7o.\u201d<\/p>\n<p><img loading=\"lazy\" width=\"443\" height=\"332\" src=\"https:\/\/aloo.com.br\/wp-content\/uploads\/2018\/04\/IMG_0488.png\" \/><br \/>\nF\u00e1bio Kazuo &#8211; Best Western Premier Macei\u00f3<br \/>\nGerente Comercial &#8211; Best Western Premier Macei\u00f3<\/p>\n<p>\u201cThomas Monte \u2013 Unimed Macei\u00f3\u201d<br \/>\nN\u00f3s buscamos a Aloo para ter total redund\u00e2ncia. Hoje, todas as minhas unidades trabalham com essa redund\u00e2ncia, tenho canais de fibra \u00f3tica chegando por mais de uma via, desde um consult\u00f3rio m\u00e9dico at\u00e9 o servi\u00e7o do SOS. Vivemos num estado com muitas dificuldades quando o assunto \u00e9 infraestrutura. Tivemos experi\u00eancias no passado com outros fornecedores, mas como todo neg\u00f3cio h\u00e1 uma ladeira acima, ent\u00e3o n\u00f3s fomos evoluindo juntos, levando a nossa ponta, que \u00e9 o prestador de servi\u00e7o da Unimed, mais tecnologia, mais sistema. Ent\u00e3o, fomos ao longo dessa hist\u00f3ria, dessa trajet\u00f3ria toda buscando servi\u00e7os que comportassem essa demanda. Chegamos finalmente na Aloo Telecom e conseguimos atingir os nossos objetivos e \u00e9 uma parceria que vem durando j\u00e1 h\u00e1 alguns anos e com muita tranquilidade.<\/p>\n<p><img loading=\"lazy\" width=\"143\" height=\"86\" src=\"https:\/\/aloo.com.br\/wp-content\/uploads\/2016\/06\/logounimed1.png\" \/><br \/>\nThomas Monte \u2013 Unimed Macei\u00f3<br \/>\n &#8211; <\/p>\n<p>\u201cKl\u00e9ber Ferreira &#8211; Gestor de TI Secretaria de Sa\u00fade de Aracaju\u201d<br \/>\nNos dias de hoje, uma empresa que n\u00e3o tem conex\u00e3o n\u00e3o tem gest\u00e3o, ela n\u00e3o tem ger\u00eancia de seus arquivos, n\u00e3o tem participa\u00e7\u00e3o de mercado, ela n\u00e3o \u00e9 vis\u00edvel nas m\u00eddias. Quando h\u00e1 uma mudan\u00e7a, como foi o caso da Aloo, a gente notou uma melhora na qualidade por estar hoje trafegando por fibra. Digo que houve um ganho n\u00e3o apenas para a \u00e1rea de sa\u00fade, mas para a popula\u00e7\u00e3o que se beneficia de ter um acesso mais r\u00e1pido nas suas requisi\u00e7\u00f5es de exame. O que antes era feito atrav\u00e9s de papel, arquivos guardados, e hoje eu tenho atendimento feito em um sistema digital, com rapidez devido \u00e0 implanta\u00e7\u00e3o da fibra, eu tenho um meio de acesso mais r\u00e1pido do que eu tinha antes. A melhora est\u00e1 na celeridade de atendimento que eu vou ter, um hist\u00f3rico de atendimento desse paciente, por ser esse sistema oferecido de forma digital. <\/p>\n<p>Kl\u00e9ber Ferreira &#8211; Gestor de TI Secretaria de Sa\u00fade de Aracaju<br \/>\nGestor de TI &#8211; Secretaria Municipal de Sa\u00fade de Aracaju<\/p>\n","protected":false},"excerpt":{"rendered":"<p class=\"excerpt\">Cases Pelo terceiro ano consecutivo Aloo Telecom investe no esporte local patrocinando o Campeonato Alagoano de Futebol FCA &#8211; Fiat Chrysler Automobiles Unimed Macei\u00f3 Aloo by those know \u201cF\u00e1bio Kazuo &#8211; Best Western Premier Macei\u00f3\u201d &quot;Queria fazer um reconhecimento pelo excelente servi\u00e7o prestado aqui ao hotel no que diz respeito a internet de link dedicado&#8230;<\/p>\n","protected":false},"author":1,"featured_media":139,"parent":0,"menu_order":0,"comment_status":"closed","ping_status":"closed","template":"builder.php","meta":[],"_links":{"self":[{"href":"https:\/\/www.aloo.com.br\/en\/wp-json\/wp\/v2\/pages\/1560"}],"collection":[{"href":"https:\/\/www.aloo.com.br\/en\/wp-json\/wp\/v2\/pages"}],"about":[{"href":"https:\/\/www.aloo.com.br\/en\/wp-json\/wp\/v2\/types\/page"}],"author":[{"embeddable":true,"href":"https:\/\/www.aloo.com.br\/en\/wp-json\/wp\/v2\/users\/1"}],"replies":[{"embeddable":true,"href":"https:\/\/www.aloo.com.br\/en\/wp-json\/wp\/v2\/comments?post=1560"}],"version-history":[{"count":72,"href":"https:\/\/www.aloo.com.br\/en\/wp-json\/wp\/v2\/pages\/1560\/revisions"}],"predecessor-version":[{"id":3760,"href":"https:\/\/www.aloo.com.br\/en\/wp-json\/wp\/v2\/pages\/1560\/revisions\/3760"}],"wp:featuredmedia":[{"embeddable":true,"href":"https:\/\/www.aloo.com.br\/en\/wp-json\/wp\/v2\/media\/139"}],"wp:attachment":[{"href":"https:\/\/www.aloo.com.br\/en\/wp-json\/wp\/v2\/media?parent=1560"}],"curies":[{"name":"wp","href":"https:\/\/api.w.org\/{rel}","templated":true}]}}